{"id":8,"date":"2019-11-11T17:34:48","date_gmt":"2019-11-11T16:34:48","guid":{"rendered":"http:\/\/samoslife.de\/?page_id=8"},"modified":"2026-01-20T15:58:17","modified_gmt":"2026-01-20T14:58:17","slug":"ferien-auf-samos","status":"publish","type":"page","link":"https:\/\/www.samoslife.de\/en\/","title":{"rendered":"S\u00e1mos holiday"},"content":{"rendered":"<p><\/p>\n<h1>Welcome to the island of S\u00e1mos<\/h1>\n<p><strong>S\u00e1<\/strong><strong>mos <\/strong>\u2013 that means sun, wind and sea, silence and expanse with a view over the mountains and the blue Aegean Sea, hiking on old donkey paths, original mountain villages, warm hospitality, swimming in the turquoise waters&#8230;<\/p>\n<h2>Our holiday homes Lev\u00e1nda and Gal\u00edni<\/h2>\n<p><strong>Lev\u00e1nda<\/strong> and <strong>Gal\u00edni<\/strong> are located on the edge of the mountain village <strong>Vourli\u00f3tes<\/strong> on S\u00e1mos&#8217; green north coast, in the midst of vineyards and olive groves with a wide view over the sea. The village can be reached in a few minutes on foot. During the day you can hear the crowing of roosters or voices floating in from the village, at night the little owl calls. In summer, the Meltemi brings a refreshing breeze. The houses are comfortable and artfully furnished.<\/p>","protected":false},"excerpt":{"rendered":"<p>Welcome to the island of S\u00e1mos S\u00e1mos \u2013 that means sun, wind and sea, silence and expanse with a view over the mountains and the blue Aegean Sea, hiking on old donkey paths, original mountain villages, warm hospitality, swimming in the turquoise waters&#8230; Our holiday homes Lev\u00e1nda and Gal\u00edni Lev\u00e1nda and Gal\u00edni are located on [&hellip;]<\/p>\n","protected":false},"author":1,"featured_media":0,"parent":0,"menu_order":1,"comment_status":"closed","ping_status":"closed","template":"template_Startseite.php","meta":[],"acf":[],"yoast_head":"<!-- This site is optimized with the Yoast SEO plugin v20.8 - https:\/\/yoast.com\/wordpress\/plugins\/seo\/ -->\n<title>Holi<\/title>\n<meta name=\"description\" content=\"Samoslife steht f\u00fcr private Ferienh\u00e4user im Blau der \u00c4g\u00e4is. Komfortable Architektenh\u00e4user in Toplage mit Meerblick auf der griechischen Insel Samos.\" \/>\n<meta name=\"robots\" content=\"index, follow, max-snippet:-1, max-image-preview:large, max-video-preview:-1\" \/>\n<link rel=\"canonical\" href=\"https:\/\/www.samoslife.de\/\" \/>\n<meta property=\"og:locale\" content=\"en_US\" \/>\n<meta property=\"og:type\" content=\"article\" \/>\n<meta property=\"og:title\" content=\"[:de]Private Ferienh\u00e4user auf der griechischen Insel S\u00e1mos[:en]Holi[:]\" \/>\n<meta property=\"og:description\" content=\"{:de}Samoslife steht f\u00fcr private Ferienh\u00e4user im Blau der \u00c4g\u00e4is. Komfortable Architektenh\u00e4user in Toplage mit Meerblick auf der griechischen Insel Samos.{:}\" \/>\n<meta property=\"og:url\" content=\"https:\/\/www.samoslife.de\/\" \/>\n<meta property=\"og:site_name\" content=\"Samoslife\" \/>\n<meta property=\"article:modified_time\" content=\"2026-01-20T14:58:17+00:00\" \/>\n<meta name=\"twitter:card\" content=\"summary_large_image\" \/>\n<meta name=\"twitter:label1\" content=\"Est. reading time\" \/>\n\t<meta name=\"twitter:data1\" content=\"1 minute\" \/>\n<script type=\"application\/ld+json\" class=\"yoast-schema-graph\">{\"@context\":\"https:\/\/schema.org\",\"@graph\":[{\"@type\":\"WebPage\",\"@id\":\"https:\/\/www.samoslife.de\/\",\"url\":\"https:\/\/www.samoslife.de\/\",\"name\":\"[:de]Private Ferienh\u00e4user auf der griechischen Insel S\u00e1mos[:en]Holi[:]\",\"isPartOf\":{\"@id\":\"https:\/\/www.samoslife.de\/#website\"},\"datePublished\":\"2019-11-11T16:34:48+00:00\",\"dateModified\":\"2026-01-20T14:58:17+00:00\",\"description\":\"{:de}Samoslife steht f\u00fcr private Ferienh\u00e4user im Blau der \u00c4g\u00e4is. Komfortable Architektenh\u00e4user in Toplage mit Meerblick auf der griechischen Insel Samos.{:}\",\"breadcrumb\":{\"@id\":\"https:\/\/www.samoslife.de\/#breadcrumb\"},\"inLanguage\":\"en-US\",\"potentialAction\":[{\"@type\":\"ReadAction\",\"target\":[\"https:\/\/www.samoslife.de\/\"]}]},{\"@type\":\"BreadcrumbList\",\"@id\":\"https:\/\/www.samoslife.de\/#breadcrumb\",\"itemListElement\":[{\"@type\":\"ListItem\",\"position\":1,\"name\":\"Startseite\",\"item\":\"https:\/\/www.samoslife.de\/\"},{\"@type\":\"ListItem\",\"position\":2,\"name\":\"Ferien auf Samos\"}]},{\"@type\":\"WebSite\",\"@id\":\"https:\/\/www.samoslife.de\/#website\",\"url\":\"https:\/\/www.samoslife.de\/\",\"name\":\"Samoslife\",\"description\":\"Eine weitere WordPress-Website\",\"potentialAction\":[{\"@type\":\"SearchAction\",\"target\":{\"@type\":\"EntryPoint\",\"urlTemplate\":\"https:\/\/www.samoslife.de\/?s={search_term_string}\"},\"query-input\":\"required name=search_term_string\"}],\"inLanguage\":\"en-US\"}]}<\/script>\n<!-- \/ Yoast SEO plugin. -->","yoast_head_json":{"title":"Holi","description":"Samoslife steht f\u00fcr private Ferienh\u00e4user im Blau der \u00c4g\u00e4is. Komfortable Architektenh\u00e4user in Toplage mit Meerblick auf der griechischen Insel Samos.","robots":{"index":"index","follow":"follow","max-snippet":"max-snippet:-1","max-image-preview":"max-image-preview:large","max-video-preview":"max-video-preview:-1"},"canonical":"https:\/\/www.samoslife.de\/","og_locale":"en_US","og_type":"article","og_title":"[:de]Private Ferienh\u00e4user auf der griechischen Insel S\u00e1mos[:en]Holi[:]","og_description":"{:de}Samoslife steht f\u00fcr private Ferienh\u00e4user im Blau der \u00c4g\u00e4is. Komfortable Architektenh\u00e4user in Toplage mit Meerblick auf der griechischen Insel Samos.{:}","og_url":"https:\/\/www.samoslife.de\/","og_site_name":"Samoslife","article_modified_time":"2026-01-20T14:58:17+00:00","twitter_card":"summary_large_image","twitter_misc":{"Est. reading time":"1 minute"},"schema":{"@context":"https:\/\/schema.org","@graph":[{"@type":"WebPage","@id":"https:\/\/www.samoslife.de\/","url":"https:\/\/www.samoslife.de\/","name":"[:de]Private Ferienh\u00e4user auf der griechischen Insel S\u00e1mos[:en]Holi[:]","isPartOf":{"@id":"https:\/\/www.samoslife.de\/#website"},"datePublished":"2019-11-11T16:34:48+00:00","dateModified":"2026-01-20T14:58:17+00:00","description":"{:de}Samoslife steht f\u00fcr private Ferienh\u00e4user im Blau der \u00c4g\u00e4is. Komfortable Architektenh\u00e4user in Toplage mit Meerblick auf der griechischen Insel Samos.{:}","breadcrumb":{"@id":"https:\/\/www.samoslife.de\/#breadcrumb"},"inLanguage":"en-US","potentialAction":[{"@type":"ReadAction","target":["https:\/\/www.samoslife.de\/"]}]},{"@type":"BreadcrumbList","@id":"https:\/\/www.samoslife.de\/#breadcrumb","itemListElement":[{"@type":"ListItem","position":1,"name":"Startseite","item":"https:\/\/www.samoslife.de\/"},{"@type":"ListItem","position":2,"name":"Ferien auf Samos"}]},{"@type":"WebSite","@id":"https:\/\/www.samoslife.de\/#website","url":"https:\/\/www.samoslife.de\/","name":"Samoslife","description":"Eine weitere WordPress-Website","potentialAction":[{"@type":"SearchAction","target":{"@type":"EntryPoint","urlTemplate":"https:\/\/www.samoslife.de\/?s={search_term_string}"},"query-input":"required name=search_term_string"}],"inLanguage":"en-US"}]}},"_links":{"self":[{"href":"https:\/\/www.samoslife.de\/en\/wp-json\/wp\/v2\/pages\/8"}],"collection":[{"href":"https:\/\/www.samoslife.de\/en\/wp-json\/wp\/v2\/pages"}],"about":[{"href":"https:\/\/www.samoslife.de\/en\/wp-json\/wp\/v2\/types\/page"}],"author":[{"embeddable":true,"href":"https:\/\/www.samoslife.de\/en\/wp-json\/wp\/v2\/users\/1"}],"replies":[{"embeddable":true,"href":"https:\/\/www.samoslife.de\/en\/wp-json\/wp\/v2\/comments?post=8"}],"version-history":[{"count":59,"href":"https:\/\/www.samoslife.de\/en\/wp-json\/wp\/v2\/pages\/8\/revisions"}],"predecessor-version":[{"id":666,"href":"https:\/\/www.samoslife.de\/en\/wp-json\/wp\/v2\/pages\/8\/revisions\/666"}],"wp:attachment":[{"href":"https:\/\/www.samoslife.de\/en\/wp-json\/wp\/v2\/media?parent=8"}],"curies":[{"name":"wp","href":"https:\/\/api.w.org\/{rel}","templated":true}]}}