{"id":47,"date":"2019-11-14T17:06:13","date_gmt":"2019-11-14T16:06:13","guid":{"rendered":"http:\/\/www.samoslife.de\/?page_id=47"},"modified":"2019-12-08T18:24:13","modified_gmt":"2019-12-08T17:24:13","slug":"aktivitaeten","status":"publish","type":"page","link":"https:\/\/www.samoslife.de\/en\/die-insel\/aktivitaeten\/","title":{"rendered":"Activities"},"content":{"rendered":"<p><\/p>\n<h1>Leisure activities on S\u00e1mos!<\/h1>\n<p>On S\u00e1mos, culture, swimming, hiking and other sporting activities can be ideally combined.<\/p>","protected":false},"excerpt":{"rendered":"<p>Leisure activities on S\u00e1mos! On S\u00e1mos, culture, swimming, hiking and other sporting activities can be ideally combined.<\/p>\n","protected":false},"author":1,"featured_media":0,"parent":12,"menu_order":2,"comment_status":"closed","ping_status":"closed","template":"template_aktivitaeten.php","meta":[],"acf":[],"yoast_head":"<!-- This site is optimized with the Yoast SEO plugin v20.8 - https:\/\/yoast.com\/wordpress\/plugins\/seo\/ -->\n<title>Freizeitaktivit\u00e4ten auf S\u00e1mos Kulturerlebnis oder Natur pur<\/title>\n<meta name=\"description\" content=\"S\u00e1mos aktiv erleben beim Wandern, Bergsteigen, Mounainbike fahren, Segeln und Tauchen oder die kulturellen St\u00e4tten der griechischen Geschichte entdecken...\" \/>\n<meta name=\"robots\" content=\"index, follow, max-snippet:-1, max-image-preview:large, max-video-preview:-1\" \/>\n<link rel=\"canonical\" href=\"https:\/\/www.samoslife.de\/en\/die-insel\/aktivitaeten\/\" \/>\n<meta property=\"og:locale\" content=\"en_US\" \/>\n<meta property=\"og:type\" content=\"article\" \/>\n<meta property=\"og:title\" content=\"Freizeitaktivit\u00e4ten auf S\u00e1mos Kulturerlebnis oder Natur pur\" \/>\n<meta property=\"og:description\" content=\"S\u00e1mos aktiv erleben beim Wandern, Bergsteigen, Mounainbike fahren, Segeln und Tauchen oder die kulturellen St\u00e4tten der griechischen Geschichte entdecken...\" \/>\n<meta property=\"og:url\" content=\"https:\/\/www.samoslife.de\/en\/die-insel\/aktivitaeten\/\" \/>\n<meta property=\"og:site_name\" content=\"Samoslife\" \/>\n<meta property=\"article:modified_time\" content=\"2019-12-08T17:24:13+00:00\" \/>\n<meta name=\"twitter:card\" content=\"summary_large_image\" \/>\n<script type=\"application\/ld+json\" class=\"yoast-schema-graph\">{\"@context\":\"https:\/\/schema.org\",\"@graph\":[{\"@type\":\"WebPage\",\"@id\":\"https:\/\/www.samoslife.de\/en\/die-insel\/aktivitaeten\/\",\"url\":\"https:\/\/www.samoslife.de\/en\/die-insel\/aktivitaeten\/\",\"name\":\"Freizeitaktivit\u00e4ten auf S\u00e1mos Kulturerlebnis oder Natur pur\",\"isPartOf\":{\"@id\":\"https:\/\/www.samoslife.de\/#website\"},\"datePublished\":\"2019-11-14T16:06:13+00:00\",\"dateModified\":\"2019-12-08T17:24:13+00:00\",\"description\":\"S\u00e1mos aktiv erleben beim Wandern, Bergsteigen, Mounainbike fahren, Segeln und Tauchen oder die kulturellen St\u00e4tten der griechischen Geschichte entdecken...\",\"breadcrumb\":{\"@id\":\"https:\/\/www.samoslife.de\/en\/die-insel\/aktivitaeten\/#breadcrumb\"},\"inLanguage\":\"en-US\",\"potentialAction\":[{\"@type\":\"ReadAction\",\"target\":[\"https:\/\/www.samoslife.de\/en\/die-insel\/aktivitaeten\/\"]}]},{\"@type\":\"BreadcrumbList\",\"@id\":\"https:\/\/www.samoslife.de\/en\/die-insel\/aktivitaeten\/#breadcrumb\",\"itemListElement\":[{\"@type\":\"ListItem\",\"position\":1,\"name\":\"Startseite\",\"item\":\"https:\/\/www.samoslife.de\/\"},{\"@type\":\"ListItem\",\"position\":2,\"name\":\"The island\",\"item\":\"https:\/\/www.samoslife.de\/en\/die-insel\/\"},{\"@type\":\"ListItem\",\"position\":3,\"name\":\"Activities\"}]},{\"@type\":\"WebSite\",\"@id\":\"https:\/\/www.samoslife.de\/#website\",\"url\":\"https:\/\/www.samoslife.de\/\",\"name\":\"Samoslife\",\"description\":\"Eine weitere WordPress-Website\",\"potentialAction\":[{\"@type\":\"SearchAction\",\"target\":{\"@type\":\"EntryPoint\",\"urlTemplate\":\"https:\/\/www.samoslife.de\/?s={search_term_string}\"},\"query-input\":\"required name=search_term_string\"}],\"inLanguage\":\"en-US\"}]}<\/script>\n<!-- \/ Yoast SEO plugin. -->","yoast_head_json":{"title":"Freizeitaktivit\u00e4ten auf S\u00e1mos Kulturerlebnis oder Natur pur","description":"S\u00e1mos aktiv erleben beim Wandern, Bergsteigen, Mounainbike fahren, Segeln und Tauchen oder die kulturellen St\u00e4tten der griechischen Geschichte entdecken...","robots":{"index":"index","follow":"follow","max-snippet":"max-snippet:-1","max-image-preview":"max-image-preview:large","max-video-preview":"max-video-preview:-1"},"canonical":"https:\/\/www.samoslife.de\/en\/die-insel\/aktivitaeten\/","og_locale":"en_US","og_type":"article","og_title":"Freizeitaktivit\u00e4ten auf S\u00e1mos Kulturerlebnis oder Natur pur","og_description":"S\u00e1mos aktiv erleben beim Wandern, Bergsteigen, Mounainbike fahren, Segeln und Tauchen oder die kulturellen St\u00e4tten der griechischen Geschichte entdecken...","og_url":"https:\/\/www.samoslife.de\/en\/die-insel\/aktivitaeten\/","og_site_name":"Samoslife","article_modified_time":"2019-12-08T17:24:13+00:00","twitter_card":"summary_large_image","schema":{"@context":"https:\/\/schema.org","@graph":[{"@type":"WebPage","@id":"https:\/\/www.samoslife.de\/en\/die-insel\/aktivitaeten\/","url":"https:\/\/www.samoslife.de\/en\/die-insel\/aktivitaeten\/","name":"Freizeitaktivit\u00e4ten auf S\u00e1mos Kulturerlebnis oder Natur pur","isPartOf":{"@id":"https:\/\/www.samoslife.de\/#website"},"datePublished":"2019-11-14T16:06:13+00:00","dateModified":"2019-12-08T17:24:13+00:00","description":"S\u00e1mos aktiv erleben beim Wandern, Bergsteigen, Mounainbike fahren, Segeln und Tauchen oder die kulturellen St\u00e4tten der griechischen Geschichte entdecken...","breadcrumb":{"@id":"https:\/\/www.samoslife.de\/en\/die-insel\/aktivitaeten\/#breadcrumb"},"inLanguage":"en-US","potentialAction":[{"@type":"ReadAction","target":["https:\/\/www.samoslife.de\/en\/die-insel\/aktivitaeten\/"]}]},{"@type":"BreadcrumbList","@id":"https:\/\/www.samoslife.de\/en\/die-insel\/aktivitaeten\/#breadcrumb","itemListElement":[{"@type":"ListItem","position":1,"name":"Startseite","item":"https:\/\/www.samoslife.de\/"},{"@type":"ListItem","position":2,"name":"The island","item":"https:\/\/www.samoslife.de\/en\/die-insel\/"},{"@type":"ListItem","position":3,"name":"Activities"}]},{"@type":"WebSite","@id":"https:\/\/www.samoslife.de\/#website","url":"https:\/\/www.samoslife.de\/","name":"Samoslife","description":"Eine weitere WordPress-Website","potentialAction":[{"@type":"SearchAction","target":{"@type":"EntryPoint","urlTemplate":"https:\/\/www.samoslife.de\/?s={search_term_string}"},"query-input":"required name=search_term_string"}],"inLanguage":"en-US"}]}},"_links":{"self":[{"href":"https:\/\/www.samoslife.de\/en\/wp-json\/wp\/v2\/pages\/47"}],"collection":[{"href":"https:\/\/www.samoslife.de\/en\/wp-json\/wp\/v2\/pages"}],"about":[{"href":"https:\/\/www.samoslife.de\/en\/wp-json\/wp\/v2\/types\/page"}],"author":[{"embeddable":true,"href":"https:\/\/www.samoslife.de\/en\/wp-json\/wp\/v2\/users\/1"}],"replies":[{"embeddable":true,"href":"https:\/\/www.samoslife.de\/en\/wp-json\/wp\/v2\/comments?post=47"}],"version-history":[{"count":22,"href":"https:\/\/www.samoslife.de\/en\/wp-json\/wp\/v2\/pages\/47\/revisions"}],"predecessor-version":[{"id":374,"href":"https:\/\/www.samoslife.de\/en\/wp-json\/wp\/v2\/pages\/47\/revisions\/374"}],"up":[{"embeddable":true,"href":"https:\/\/www.samoslife.de\/en\/wp-json\/wp\/v2\/pages\/12"}],"wp:attachment":[{"href":"https:\/\/www.samoslife.de\/en\/wp-json\/wp\/v2\/media?parent=47"}],"curies":[{"name":"wp","href":"https:\/\/api.w.org\/{rel}","templated":true}]}}