{"id":458,"date":"2019-12-02T08:10:42","date_gmt":"2019-12-02T07:10:42","guid":{"rendered":"https:\/\/www.samoslife.de\/?page_id=458"},"modified":"2025-12-10T17:29:50","modified_gmt":"2025-12-10T16:29:50","slug":"anfahrt-lage","status":"publish","type":"page","link":"https:\/\/www.samoslife.de\/en\/anfahrt-lage\/","title":{"rendered":"Approach and location"},"content":{"rendered":"<p><\/p>\n<h1>Vourli\u00f3tes village<\/h1>\n<p><strong>Vourli\u00f3tes<\/strong> is a lively mountain village with one of the most beautiful village squares of the island. There is a minimarket, a bakery, numerous tavernas and a post office with traditional kafen\u00edon. Vourli\u00f3tes is an ideal starting point for long hikes on newly uncovered donkey paths. <a href=\"http:\/\/www.samoslife.de\/die-insel\/aktivitaeten\/\">Activities on S\u00e1mos!<\/a><\/p>","protected":false},"excerpt":{"rendered":"<p>Vourli\u00f3tes village Vourli\u00f3tes is a lively mountain village with one of the most beautiful village squares of the island. There is a minimarket, a bakery, numerous tavernas and a post office with traditional kafen\u00edon. Vourli\u00f3tes is an ideal starting point for long hikes on newly uncovered donkey paths. Activities on S\u00e1mos!<\/p>\n","protected":false},"author":1,"featured_media":0,"parent":0,"menu_order":7,"comment_status":"closed","ping_status":"closed","template":"template_anfahrt.php","meta":[],"acf":[],"yoast_head":"<!-- This site is optimized with the Yoast SEO plugin v20.8 - https:\/\/yoast.com\/wordpress\/plugins\/seo\/ -->\n<title>Approach and location - Samoslife<\/title>\n<meta name=\"robots\" content=\"index, follow, max-snippet:-1, max-image-preview:large, max-video-preview:-1\" \/>\n<link rel=\"canonical\" href=\"https:\/\/www.samoslife.de\/anfahrt-lage\/\" \/>\n<meta property=\"og:locale\" content=\"en_US\" \/>\n<meta property=\"og:type\" content=\"article\" \/>\n<meta property=\"og:title\" content=\"Approach and location - Samoslife\" \/>\n<meta property=\"og:description\" content=\"Vourli\u00f3tes village Vourli\u00f3tes is a lively mountain village with one of the most beautiful village squares of the island. There is a minimarket, a bakery, numerous tavernas and a post office with traditional kafen\u00edon. Vourli\u00f3tes is an ideal starting point for long hikes on newly uncovered donkey paths. Activities on S\u00e1mos!\" \/>\n<meta property=\"og:url\" content=\"https:\/\/www.samoslife.de\/anfahrt-lage\/\" \/>\n<meta property=\"og:site_name\" content=\"Samoslife\" \/>\n<meta property=\"article:modified_time\" content=\"2025-12-10T16:29:50+00:00\" \/>\n<meta name=\"twitter:card\" content=\"summary_large_image\" \/>\n<meta name=\"twitter:label1\" content=\"Est. reading time\" \/>\n\t<meta name=\"twitter:data1\" content=\"1 minute\" \/>\n<script type=\"application\/ld+json\" class=\"yoast-schema-graph\">{\"@context\":\"https:\/\/schema.org\",\"@graph\":[{\"@type\":\"WebPage\",\"@id\":\"https:\/\/www.samoslife.de\/anfahrt-lage\/\",\"url\":\"https:\/\/www.samoslife.de\/anfahrt-lage\/\",\"name\":\"Approach and location - Samoslife\",\"isPartOf\":{\"@id\":\"https:\/\/www.samoslife.de\/#website\"},\"datePublished\":\"2019-12-02T07:10:42+00:00\",\"dateModified\":\"2025-12-10T16:29:50+00:00\",\"breadcrumb\":{\"@id\":\"https:\/\/www.samoslife.de\/anfahrt-lage\/#breadcrumb\"},\"inLanguage\":\"en-US\",\"potentialAction\":[{\"@type\":\"ReadAction\",\"target\":[\"https:\/\/www.samoslife.de\/anfahrt-lage\/\"]}]},{\"@type\":\"BreadcrumbList\",\"@id\":\"https:\/\/www.samoslife.de\/anfahrt-lage\/#breadcrumb\",\"itemListElement\":[{\"@type\":\"ListItem\",\"position\":1,\"name\":\"Startseite\",\"item\":\"https:\/\/www.samoslife.de\/\"},{\"@type\":\"ListItem\",\"position\":2,\"name\":\"Anfahrt \/ Lage\"}]},{\"@type\":\"WebSite\",\"@id\":\"https:\/\/www.samoslife.de\/#website\",\"url\":\"https:\/\/www.samoslife.de\/\",\"name\":\"Samoslife\",\"description\":\"Eine weitere WordPress-Website\",\"potentialAction\":[{\"@type\":\"SearchAction\",\"target\":{\"@type\":\"EntryPoint\",\"urlTemplate\":\"https:\/\/www.samoslife.de\/?s={search_term_string}\"},\"query-input\":\"required name=search_term_string\"}],\"inLanguage\":\"en-US\"}]}<\/script>\n<!-- \/ Yoast SEO plugin. -->","yoast_head_json":{"title":"Approach and location - Samoslife","robots":{"index":"index","follow":"follow","max-snippet":"max-snippet:-1","max-image-preview":"max-image-preview:large","max-video-preview":"max-video-preview:-1"},"canonical":"https:\/\/www.samoslife.de\/anfahrt-lage\/","og_locale":"en_US","og_type":"article","og_title":"Approach and location - Samoslife","og_description":"Vourli\u00f3tes village Vourli\u00f3tes is a lively mountain village with one of the most beautiful village squares of the island. There is a minimarket, a bakery, numerous tavernas and a post office with traditional kafen\u00edon. Vourli\u00f3tes is an ideal starting point for long hikes on newly uncovered donkey paths. Activities on S\u00e1mos!","og_url":"https:\/\/www.samoslife.de\/anfahrt-lage\/","og_site_name":"Samoslife","article_modified_time":"2025-12-10T16:29:50+00:00","twitter_card":"summary_large_image","twitter_misc":{"Est. reading time":"1 minute"},"schema":{"@context":"https:\/\/schema.org","@graph":[{"@type":"WebPage","@id":"https:\/\/www.samoslife.de\/anfahrt-lage\/","url":"https:\/\/www.samoslife.de\/anfahrt-lage\/","name":"Approach and location - Samoslife","isPartOf":{"@id":"https:\/\/www.samoslife.de\/#website"},"datePublished":"2019-12-02T07:10:42+00:00","dateModified":"2025-12-10T16:29:50+00:00","breadcrumb":{"@id":"https:\/\/www.samoslife.de\/anfahrt-lage\/#breadcrumb"},"inLanguage":"en-US","potentialAction":[{"@type":"ReadAction","target":["https:\/\/www.samoslife.de\/anfahrt-lage\/"]}]},{"@type":"BreadcrumbList","@id":"https:\/\/www.samoslife.de\/anfahrt-lage\/#breadcrumb","itemListElement":[{"@type":"ListItem","position":1,"name":"Startseite","item":"https:\/\/www.samoslife.de\/"},{"@type":"ListItem","position":2,"name":"Anfahrt \/ Lage"}]},{"@type":"WebSite","@id":"https:\/\/www.samoslife.de\/#website","url":"https:\/\/www.samoslife.de\/","name":"Samoslife","description":"Eine weitere WordPress-Website","potentialAction":[{"@type":"SearchAction","target":{"@type":"EntryPoint","urlTemplate":"https:\/\/www.samoslife.de\/?s={search_term_string}"},"query-input":"required name=search_term_string"}],"inLanguage":"en-US"}]}},"_links":{"self":[{"href":"https:\/\/www.samoslife.de\/en\/wp-json\/wp\/v2\/pages\/458"}],"collection":[{"href":"https:\/\/www.samoslife.de\/en\/wp-json\/wp\/v2\/pages"}],"about":[{"href":"https:\/\/www.samoslife.de\/en\/wp-json\/wp\/v2\/types\/page"}],"author":[{"embeddable":true,"href":"https:\/\/www.samoslife.de\/en\/wp-json\/wp\/v2\/users\/1"}],"replies":[{"embeddable":true,"href":"https:\/\/www.samoslife.de\/en\/wp-json\/wp\/v2\/comments?post=458"}],"version-history":[{"count":7,"href":"https:\/\/www.samoslife.de\/en\/wp-json\/wp\/v2\/pages\/458\/revisions"}],"predecessor-version":[{"id":662,"href":"https:\/\/www.samoslife.de\/en\/wp-json\/wp\/v2\/pages\/458\/revisions\/662"}],"wp:attachment":[{"href":"https:\/\/www.samoslife.de\/en\/wp-json\/wp\/v2\/media?parent=458"}],"curies":[{"name":"wp","href":"https:\/\/api.w.org\/{rel}","templated":true}]}}