{"id":45,"date":"2019-11-14T17:05:55","date_gmt":"2019-11-14T16:05:55","guid":{"rendered":"http:\/\/www.samoslife.de\/?page_id=45"},"modified":"2025-12-10T17:34:45","modified_gmt":"2025-12-10T16:34:45","slug":"natur-leben","status":"publish","type":"page","link":"https:\/\/www.samoslife.de\/en\/die-insel\/natur-leben\/","title":{"rendered":"Nature &#038; life"},"content":{"rendered":"<p><\/p>\n<h1>S\u00e1mos \u2013 nature, experience, the way of life<\/h1>\n<p><strong>S\u00e1<\/strong><strong>mos<\/strong> is one of the green Greek islands with large forests and rushing streams in the spring. The mountains, some of which tower steeply out of the sea, are sublime and lovely at the same time. Often the view goes far over the dark blue Aegean Sea over to the coast of Asia Minor where many of the most famous sites of ancient Greece are located.<\/p>\n<p>On S\u00e1mos, culture, swimming, hiking and other sporting activities can be ideally combined. A wonderful day finishes off with an evening in the tavern with S\u00e1mos food and a dry Muscat wine. And the music played there shows that S\u00e1mos is really on the edge of Europe, almost Middle Eastern.<\/p>","protected":false},"excerpt":{"rendered":"<p>S\u00e1mos \u2013 nature, experience, the way of life S\u00e1mos is one of the green Greek islands with large forests and rushing streams in the spring. The mountains, some of which tower steeply out of the sea, are sublime and lovely at the same time. Often the view goes far over the dark blue Aegean Sea [&hellip;]<\/p>\n","protected":false},"author":1,"featured_media":0,"parent":12,"menu_order":1,"comment_status":"closed","ping_status":"closed","template":"template_natur.php","meta":[],"acf":[],"yoast_head":"<!-- This site is optimized with the Yoast SEO plugin v20.8 - https:\/\/yoast.com\/wordpress\/plugins\/seo\/ -->\n<title>Insel S\u00e1mos lockt mit unber\u00fchrter Natur und Lebensart<\/title>\n<meta name=\"description\" content=\"S\u00e1mos ist eine der gr\u00fcnen griechischen Inseln mit W\u00e4ldern, rauschenden B\u00e4chen und steilen Bergen, urspr\u00fcnglichen Bergd\u00f6rfer und herzlicher Gastfreundschaft.\" \/>\n<meta name=\"robots\" content=\"index, follow, max-snippet:-1, max-image-preview:large, max-video-preview:-1\" \/>\n<link rel=\"canonical\" href=\"https:\/\/www.samoslife.de\/die-insel\/natur-leben\/\" \/>\n<meta property=\"og:locale\" content=\"en_US\" \/>\n<meta property=\"og:type\" content=\"article\" \/>\n<meta property=\"og:title\" content=\"[:de]Insel S\u00e1mos lockt mit unber\u00fchrter Natur und Lebensart [:]\" \/>\n<meta property=\"og:description\" content=\"{:de}S\u00e1mos ist eine der gr\u00fcnen griechischen Inseln mit W\u00e4ldern, rauschenden B\u00e4chen und steilen Bergen, urspr\u00fcnglichen Bergd\u00f6rfer und herzlicher Gastfreundschaft.{:}\" \/>\n<meta property=\"og:url\" content=\"https:\/\/www.samoslife.de\/die-insel\/natur-leben\/\" \/>\n<meta property=\"og:site_name\" content=\"Samoslife\" \/>\n<meta property=\"article:modified_time\" content=\"2025-12-10T16:34:45+00:00\" \/>\n<meta name=\"twitter:card\" content=\"summary_large_image\" \/>\n<meta name=\"twitter:label1\" content=\"Est. reading time\" \/>\n\t<meta name=\"twitter:data1\" content=\"1 minute\" \/>\n<script type=\"application\/ld+json\" class=\"yoast-schema-graph\">{\"@context\":\"https:\/\/schema.org\",\"@graph\":[{\"@type\":\"WebPage\",\"@id\":\"https:\/\/www.samoslife.de\/die-insel\/natur-leben\/\",\"url\":\"https:\/\/www.samoslife.de\/die-insel\/natur-leben\/\",\"name\":\"[:de]Insel S\u00e1mos lockt mit unber\u00fchrter Natur und Lebensart [:]\",\"isPartOf\":{\"@id\":\"https:\/\/www.samoslife.de\/#website\"},\"datePublished\":\"2019-11-14T16:05:55+00:00\",\"dateModified\":\"2025-12-10T16:34:45+00:00\",\"description\":\"{:de}S\u00e1mos ist eine der gr\u00fcnen griechischen Inseln mit W\u00e4ldern, rauschenden B\u00e4chen und steilen Bergen, urspr\u00fcnglichen Bergd\u00f6rfer und herzlicher Gastfreundschaft.{:}\",\"breadcrumb\":{\"@id\":\"https:\/\/www.samoslife.de\/die-insel\/natur-leben\/#breadcrumb\"},\"inLanguage\":\"en-US\",\"potentialAction\":[{\"@type\":\"ReadAction\",\"target\":[\"https:\/\/www.samoslife.de\/die-insel\/natur-leben\/\"]}]},{\"@type\":\"BreadcrumbList\",\"@id\":\"https:\/\/www.samoslife.de\/die-insel\/natur-leben\/#breadcrumb\",\"itemListElement\":[{\"@type\":\"ListItem\",\"position\":1,\"name\":\"Startseite\",\"item\":\"https:\/\/www.samoslife.de\/\"},{\"@type\":\"ListItem\",\"position\":2,\"name\":\"The island\",\"item\":\"https:\/\/www.samoslife.de\/en\/die-insel\/\"},{\"@type\":\"ListItem\",\"position\":3,\"name\":\"Natur &#038; Leben\"}]},{\"@type\":\"WebSite\",\"@id\":\"https:\/\/www.samoslife.de\/#website\",\"url\":\"https:\/\/www.samoslife.de\/\",\"name\":\"Samoslife\",\"description\":\"Eine weitere WordPress-Website\",\"potentialAction\":[{\"@type\":\"SearchAction\",\"target\":{\"@type\":\"EntryPoint\",\"urlTemplate\":\"https:\/\/www.samoslife.de\/?s={search_term_string}\"},\"query-input\":\"required name=search_term_string\"}],\"inLanguage\":\"en-US\"}]}<\/script>\n<!-- \/ Yoast SEO plugin. -->","yoast_head_json":{"title":"Insel S\u00e1mos lockt mit unber\u00fchrter Natur und Lebensart","description":"S\u00e1mos ist eine der gr\u00fcnen griechischen Inseln mit W\u00e4ldern, rauschenden B\u00e4chen und steilen Bergen, urspr\u00fcnglichen Bergd\u00f6rfer und herzlicher Gastfreundschaft.","robots":{"index":"index","follow":"follow","max-snippet":"max-snippet:-1","max-image-preview":"max-image-preview:large","max-video-preview":"max-video-preview:-1"},"canonical":"https:\/\/www.samoslife.de\/die-insel\/natur-leben\/","og_locale":"en_US","og_type":"article","og_title":"[:de]Insel S\u00e1mos lockt mit unber\u00fchrter Natur und Lebensart [:]","og_description":"{:de}S\u00e1mos ist eine der gr\u00fcnen griechischen Inseln mit W\u00e4ldern, rauschenden B\u00e4chen und steilen Bergen, urspr\u00fcnglichen Bergd\u00f6rfer und herzlicher Gastfreundschaft.{:}","og_url":"https:\/\/www.samoslife.de\/die-insel\/natur-leben\/","og_site_name":"Samoslife","article_modified_time":"2025-12-10T16:34:45+00:00","twitter_card":"summary_large_image","twitter_misc":{"Est. reading time":"1 minute"},"schema":{"@context":"https:\/\/schema.org","@graph":[{"@type":"WebPage","@id":"https:\/\/www.samoslife.de\/die-insel\/natur-leben\/","url":"https:\/\/www.samoslife.de\/die-insel\/natur-leben\/","name":"[:de]Insel S\u00e1mos lockt mit unber\u00fchrter Natur und Lebensart [:]","isPartOf":{"@id":"https:\/\/www.samoslife.de\/#website"},"datePublished":"2019-11-14T16:05:55+00:00","dateModified":"2025-12-10T16:34:45+00:00","description":"{:de}S\u00e1mos ist eine der gr\u00fcnen griechischen Inseln mit W\u00e4ldern, rauschenden B\u00e4chen und steilen Bergen, urspr\u00fcnglichen Bergd\u00f6rfer und herzlicher Gastfreundschaft.{:}","breadcrumb":{"@id":"https:\/\/www.samoslife.de\/die-insel\/natur-leben\/#breadcrumb"},"inLanguage":"en-US","potentialAction":[{"@type":"ReadAction","target":["https:\/\/www.samoslife.de\/die-insel\/natur-leben\/"]}]},{"@type":"BreadcrumbList","@id":"https:\/\/www.samoslife.de\/die-insel\/natur-leben\/#breadcrumb","itemListElement":[{"@type":"ListItem","position":1,"name":"Startseite","item":"https:\/\/www.samoslife.de\/"},{"@type":"ListItem","position":2,"name":"The island","item":"https:\/\/www.samoslife.de\/en\/die-insel\/"},{"@type":"ListItem","position":3,"name":"Natur &#038; Leben"}]},{"@type":"WebSite","@id":"https:\/\/www.samoslife.de\/#website","url":"https:\/\/www.samoslife.de\/","name":"Samoslife","description":"Eine weitere WordPress-Website","potentialAction":[{"@type":"SearchAction","target":{"@type":"EntryPoint","urlTemplate":"https:\/\/www.samoslife.de\/?s={search_term_string}"},"query-input":"required name=search_term_string"}],"inLanguage":"en-US"}]}},"_links":{"self":[{"href":"https:\/\/www.samoslife.de\/en\/wp-json\/wp\/v2\/pages\/45"}],"collection":[{"href":"https:\/\/www.samoslife.de\/en\/wp-json\/wp\/v2\/pages"}],"about":[{"href":"https:\/\/www.samoslife.de\/en\/wp-json\/wp\/v2\/types\/page"}],"author":[{"embeddable":true,"href":"https:\/\/www.samoslife.de\/en\/wp-json\/wp\/v2\/users\/1"}],"replies":[{"embeddable":true,"href":"https:\/\/www.samoslife.de\/en\/wp-json\/wp\/v2\/comments?post=45"}],"version-history":[{"count":41,"href":"https:\/\/www.samoslife.de\/en\/wp-json\/wp\/v2\/pages\/45\/revisions"}],"predecessor-version":[{"id":661,"href":"https:\/\/www.samoslife.de\/en\/wp-json\/wp\/v2\/pages\/45\/revisions\/661"}],"up":[{"embeddable":true,"href":"https:\/\/www.samoslife.de\/en\/wp-json\/wp\/v2\/pages\/12"}],"wp:attachment":[{"href":"https:\/\/www.samoslife.de\/en\/wp-json\/wp\/v2\/media?parent=45"}],"curies":[{"name":"wp","href":"https:\/\/api.w.org\/{rel}","templated":true}]}}