{"id":14,"date":"2019-11-11T17:35:44","date_gmt":"2019-11-11T16:35:44","guid":{"rendered":"http:\/\/samoslife.de\/?page_id=14"},"modified":"2023-01-23T17:51:00","modified_gmt":"2023-01-23T16:51:00","slug":"ueber-uns","status":"publish","type":"page","link":"https:\/\/www.samoslife.de\/en\/ueber-uns\/","title":{"rendered":"About us"},"content":{"rendered":"<p><\/p>\n<h1>We are Silvia and Peter Wallrabe<\/h1>\n<p>When we first came to S\u00e1mos in 2009, it was love at first sight. The simplicity of the life and the beauty of the island encouraged us to return every year. In the meantime, S\u00e1mos has become our second home.<br \/>\nIt gives us pleasure to introduce this wonderful island to other people and to share our fascination for its beauties with our guests. This is how the idea of the holiday homes came into being. We will be more than happy to give tips for swimming, hiking and island exploration.<\/p>","protected":false},"excerpt":{"rendered":"<p>We are Silvia and Peter Wallrabe When we first came to S\u00e1mos in 2009, it was love at first sight. The simplicity of the life and the beauty of the island encouraged us to return every year. In the meantime, S\u00e1mos has become our second home. It gives us pleasure to introduce this wonderful island [&hellip;]<\/p>\n","protected":false},"author":1,"featured_media":0,"parent":0,"menu_order":5,"comment_status":"closed","ping_status":"closed","template":"template_ueber_uns.php","meta":[],"acf":[],"yoast_head":"<!-- This site is optimized with the Yoast SEO plugin v20.8 - https:\/\/yoast.com\/wordpress\/plugins\/seo\/ -->\n<title>Informationen \u00fcber uns als Ihre Ferienhausvermieter auf S\u00e1mos<\/title>\n<meta name=\"description\" content=\"Wir sind mit gro\u00dfer Begeisterung und Faszination f\u00fcr die Insel S\u00e1mos als private Ferienhausvermieter Ihre Ansprechpartner vor Ort.\" \/>\n<meta name=\"robots\" content=\"index, follow, max-snippet:-1, max-image-preview:large, max-video-preview:-1\" \/>\n<link rel=\"canonical\" href=\"https:\/\/www.samoslife.de\/ueber-uns\/\" \/>\n<meta property=\"og:locale\" content=\"en_US\" \/>\n<meta property=\"og:type\" content=\"article\" \/>\n<meta property=\"og:title\" content=\"[:de]Informationen \u00fcber uns als Ihre Ferienhausvermieter auf S\u00e1mos[:]\" \/>\n<meta property=\"og:description\" content=\"{:de}Wir sind mit gro\u00dfer Begeisterung und Faszination f\u00fcr die Insel S\u00e1mos als private Ferienhausvermieter Ihre Ansprechpartner vor Ort.{:}\" \/>\n<meta property=\"og:url\" content=\"https:\/\/www.samoslife.de\/ueber-uns\/\" \/>\n<meta property=\"og:site_name\" content=\"Samoslife\" \/>\n<meta property=\"article:modified_time\" content=\"2023-01-23T16:51:00+00:00\" \/>\n<meta name=\"twitter:card\" content=\"summary_large_image\" \/>\n<meta name=\"twitter:label1\" content=\"Est. reading time\" \/>\n\t<meta name=\"twitter:data1\" content=\"1 minute\" \/>\n<script type=\"application\/ld+json\" class=\"yoast-schema-graph\">{\"@context\":\"https:\/\/schema.org\",\"@graph\":[{\"@type\":\"WebPage\",\"@id\":\"https:\/\/www.samoslife.de\/ueber-uns\/\",\"url\":\"https:\/\/www.samoslife.de\/ueber-uns\/\",\"name\":\"[:de]Informationen \u00fcber uns als Ihre Ferienhausvermieter auf S\u00e1mos[:]\",\"isPartOf\":{\"@id\":\"https:\/\/www.samoslife.de\/#website\"},\"datePublished\":\"2019-11-11T16:35:44+00:00\",\"dateModified\":\"2023-01-23T16:51:00+00:00\",\"description\":\"{:de}Wir sind mit gro\u00dfer Begeisterung und Faszination f\u00fcr die Insel S\u00e1mos als private Ferienhausvermieter Ihre Ansprechpartner vor Ort.{:}\",\"breadcrumb\":{\"@id\":\"https:\/\/www.samoslife.de\/ueber-uns\/#breadcrumb\"},\"inLanguage\":\"en-US\",\"potentialAction\":[{\"@type\":\"ReadAction\",\"target\":[\"https:\/\/www.samoslife.de\/ueber-uns\/\"]}]},{\"@type\":\"BreadcrumbList\",\"@id\":\"https:\/\/www.samoslife.de\/ueber-uns\/#breadcrumb\",\"itemListElement\":[{\"@type\":\"ListItem\",\"position\":1,\"name\":\"Startseite\",\"item\":\"https:\/\/www.samoslife.de\/\"},{\"@type\":\"ListItem\",\"position\":2,\"name\":\"\u00dcber uns\"}]},{\"@type\":\"WebSite\",\"@id\":\"https:\/\/www.samoslife.de\/#website\",\"url\":\"https:\/\/www.samoslife.de\/\",\"name\":\"Samoslife\",\"description\":\"Eine weitere WordPress-Website\",\"potentialAction\":[{\"@type\":\"SearchAction\",\"target\":{\"@type\":\"EntryPoint\",\"urlTemplate\":\"https:\/\/www.samoslife.de\/?s={search_term_string}\"},\"query-input\":\"required name=search_term_string\"}],\"inLanguage\":\"en-US\"}]}<\/script>\n<!-- \/ Yoast SEO plugin. -->","yoast_head_json":{"title":"Informationen \u00fcber uns als Ihre Ferienhausvermieter auf S\u00e1mos","description":"Wir sind mit gro\u00dfer Begeisterung und Faszination f\u00fcr die Insel S\u00e1mos als private Ferienhausvermieter Ihre Ansprechpartner vor Ort.","robots":{"index":"index","follow":"follow","max-snippet":"max-snippet:-1","max-image-preview":"max-image-preview:large","max-video-preview":"max-video-preview:-1"},"canonical":"https:\/\/www.samoslife.de\/ueber-uns\/","og_locale":"en_US","og_type":"article","og_title":"[:de]Informationen \u00fcber uns als Ihre Ferienhausvermieter auf S\u00e1mos[:]","og_description":"{:de}Wir sind mit gro\u00dfer Begeisterung und Faszination f\u00fcr die Insel S\u00e1mos als private Ferienhausvermieter Ihre Ansprechpartner vor Ort.{:}","og_url":"https:\/\/www.samoslife.de\/ueber-uns\/","og_site_name":"Samoslife","article_modified_time":"2023-01-23T16:51:00+00:00","twitter_card":"summary_large_image","twitter_misc":{"Est. reading time":"1 minute"},"schema":{"@context":"https:\/\/schema.org","@graph":[{"@type":"WebPage","@id":"https:\/\/www.samoslife.de\/ueber-uns\/","url":"https:\/\/www.samoslife.de\/ueber-uns\/","name":"[:de]Informationen \u00fcber uns als Ihre Ferienhausvermieter auf S\u00e1mos[:]","isPartOf":{"@id":"https:\/\/www.samoslife.de\/#website"},"datePublished":"2019-11-11T16:35:44+00:00","dateModified":"2023-01-23T16:51:00+00:00","description":"{:de}Wir sind mit gro\u00dfer Begeisterung und Faszination f\u00fcr die Insel S\u00e1mos als private Ferienhausvermieter Ihre Ansprechpartner vor Ort.{:}","breadcrumb":{"@id":"https:\/\/www.samoslife.de\/ueber-uns\/#breadcrumb"},"inLanguage":"en-US","potentialAction":[{"@type":"ReadAction","target":["https:\/\/www.samoslife.de\/ueber-uns\/"]}]},{"@type":"BreadcrumbList","@id":"https:\/\/www.samoslife.de\/ueber-uns\/#breadcrumb","itemListElement":[{"@type":"ListItem","position":1,"name":"Startseite","item":"https:\/\/www.samoslife.de\/"},{"@type":"ListItem","position":2,"name":"\u00dcber uns"}]},{"@type":"WebSite","@id":"https:\/\/www.samoslife.de\/#website","url":"https:\/\/www.samoslife.de\/","name":"Samoslife","description":"Eine weitere WordPress-Website","potentialAction":[{"@type":"SearchAction","target":{"@type":"EntryPoint","urlTemplate":"https:\/\/www.samoslife.de\/?s={search_term_string}"},"query-input":"required name=search_term_string"}],"inLanguage":"en-US"}]}},"_links":{"self":[{"href":"https:\/\/www.samoslife.de\/en\/wp-json\/wp\/v2\/pages\/14"}],"collection":[{"href":"https:\/\/www.samoslife.de\/en\/wp-json\/wp\/v2\/pages"}],"about":[{"href":"https:\/\/www.samoslife.de\/en\/wp-json\/wp\/v2\/types\/page"}],"author":[{"embeddable":true,"href":"https:\/\/www.samoslife.de\/en\/wp-json\/wp\/v2\/users\/1"}],"replies":[{"embeddable":true,"href":"https:\/\/www.samoslife.de\/en\/wp-json\/wp\/v2\/comments?post=14"}],"version-history":[{"count":17,"href":"https:\/\/www.samoslife.de\/en\/wp-json\/wp\/v2\/pages\/14\/revisions"}],"predecessor-version":[{"id":637,"href":"https:\/\/www.samoslife.de\/en\/wp-json\/wp\/v2\/pages\/14\/revisions\/637"}],"wp:attachment":[{"href":"https:\/\/www.samoslife.de\/en\/wp-json\/wp\/v2\/media?parent=14"}],"curies":[{"name":"wp","href":"https:\/\/api.w.org\/{rel}","templated":true}]}}